{"id":796,"date":"2021-08-01T19:44:12","date_gmt":"2021-08-01T19:44:12","guid":{"rendered":"https:\/\/demo.disktekstil.org\/?page_id=796"},"modified":"2022-08-17T07:30:52","modified_gmt":"2022-08-17T07:30:52","slug":"genel-yonetim-kurulu__trashed","status":"publish","type":"page","link":"https:\/\/disktekstil.org\/en\/genel-yonetim-kurulu__trashed\/","title":{"rendered":"Genel Y\u00f6netim Kurulu"},"content":{"rendered":"<p>[vc_row][vc_column width=&#8221;1\/4&#8243;][vc_column_text]<img loading=\"lazy\" decoding=\"async\" class=\"alignnone size-full wp-image-1649\" src=\"https:\/\/disktekstil.org\/wp-content\/uploads\/2013\/08\/kazim-150x150.jpg\" alt=\"\" width=\"150\" height=\"150\" srcset=\"https:\/\/disktekstil.org\/wp-content\/uploads\/2013\/08\/kazim-150x150.jpg 150w, https:\/\/disktekstil.org\/wp-content\/uploads\/2013\/08\/kazim-150x150-75x75.jpg 75w\" sizes=\"auto, (max-width: 150px) 100vw, 150px\" \/>[\/vc_column_text][\/vc_column][vc_column width=&#8221;3\/4&#8243;][vc_column_text]<\/p>\n<h1>Genel Ba\u015fkan<\/h1>\n<h1>Kaz\u0131m DO\u011eAN<\/h1>\n<p>[\/vc_column_text][\/vc_column][\/vc_row][vc_row][vc_column width=&#8221;1\/4&#8243;][vc_column_text]<img loading=\"lazy\" decoding=\"async\" class=\"alignnone size-full wp-image-3559\" src=\"https:\/\/disktekstil.org\/wp-content\/uploads\/2022\/08\/Cihangir-SAHAN-e1660331763317.jpg\" alt=\"\" width=\"1050\" height=\"975\" srcset=\"https:\/\/disktekstil.org\/wp-content\/uploads\/2022\/08\/Cihangir-SAHAN-e1660331763317.jpg 1050w, https:\/\/disktekstil.org\/wp-content\/uploads\/2022\/08\/Cihangir-SAHAN-e1660331763317-300x279.jpg 300w, https:\/\/disktekstil.org\/wp-content\/uploads\/2022\/08\/Cihangir-SAHAN-e1660331763317-1024x951.jpg 1024w, https:\/\/disktekstil.org\/wp-content\/uploads\/2022\/08\/Cihangir-SAHAN-e1660331763317-768x713.jpg 768w, https:\/\/disktekstil.org\/wp-content\/uploads\/2022\/08\/Cihangir-SAHAN-e1660331763317-750x696.jpg 750w\" sizes=\"auto, (max-width: 1050px) 100vw, 1050px\" \/>[\/vc_column_text][\/vc_column][vc_column width=&#8221;3\/4&#8243;][vc_column_text]<\/p>\n<h1>Genel Ba\u015fkan Yard\u0131mc\u0131s\u0131<\/h1>\n<h1>Cihangir \u015eAHAN<\/h1>\n<p>[\/vc_column_text][\/vc_column][\/vc_row]<\/p>\n","protected":false},"excerpt":{"rendered":"<p>[vc_row][vc_column width=&#8221;1\/4&#8243;][vc_column_text][\/vc_column_text][\/vc_column][vc_column width=&#8221;3\/4&#8243;][vc_column_text] Genel Ba\u015fkan Kaz\u0131m DO\u011eAN [\/vc_column_text][\/vc_column][\/vc_row][vc_row][vc_column width=&#8221;1\/4&#8243;][vc_column_text][\/vc_column_text][\/vc_column][vc_column width=&#8221;3\/4&#8243;][vc_column_text] Genel Ba\u015fkan Yard\u0131mc\u0131s\u0131 Cihangir \u015eAHAN [\/vc_column_text][\/vc_column][\/vc_row]<\/p>\n","protected":false},"author":3,"featured_media":0,"parent":0,"menu_order":0,"comment_status":"closed","ping_status":"closed","template":"","meta":{"footnotes":""},"class_list":["post-796","page","type-page","status-publish","hentry"],"_links":{"self":[{"href":"https:\/\/disktekstil.org\/en\/wp-json\/wp\/v2\/pages\/796","targetHints":{"allow":["GET"]}}],"collection":[{"href":"https:\/\/disktekstil.org\/en\/wp-json\/wp\/v2\/pages"}],"about":[{"href":"https:\/\/disktekstil.org\/en\/wp-json\/wp\/v2\/types\/page"}],"author":[{"embeddable":true,"href":"https:\/\/disktekstil.org\/en\/wp-json\/wp\/v2\/users\/3"}],"replies":[{"embeddable":true,"href":"https:\/\/disktekstil.org\/en\/wp-json\/wp\/v2\/comments?post=796"}],"version-history":[{"count":1,"href":"https:\/\/disktekstil.org\/en\/wp-json\/wp\/v2\/pages\/796\/revisions"}],"predecessor-version":[{"id":3602,"href":"https:\/\/disktekstil.org\/en\/wp-json\/wp\/v2\/pages\/796\/revisions\/3602"}],"wp:attachment":[{"href":"https:\/\/disktekstil.org\/en\/wp-json\/wp\/v2\/media?parent=796"}],"curies":[{"name":"wp","href":"https:\/\/api.w.org\/{rel}","templated":true}]}}