{"id":794,"date":"2021-08-01T18:07:12","date_gmt":"2021-08-01T18:07:12","guid":{"rendered":"https:\/\/demo.disktekstil.org\/?page_id=794"},"modified":"2021-09-08T11:24:49","modified_gmt":"2021-09-08T11:24:49","slug":"general-audit-board","status":"publish","type":"page","link":"https:\/\/disktekstil.org\/en\/general-audit-board\/","title":{"rendered":"General Audit Board"},"content":{"rendered":"<p>[vc_row][vc_column width=&#8221;1\/3&#8243;][vc_column_text]<\/p>\n<h3 class=\"vc_custom_heading\" style=\"text-align: center;\">Muhammed \u00d6zdoruk<\/h3>\n<div class=\"wpb_text_column wpb_content_element \">\n<div class=\"wpb_wrapper\">\n<p style=\"text-align: center;\">Genel Denetim Kurulu Ba\u015fkan\u0131<\/p>\n<\/div>\n<\/div>\n<p>[\/vc_column_text][\/vc_column][vc_column width=&#8221;1\/3&#8243;][vc_column_text]<\/p>\n<h3 class=\"vc_custom_heading\" style=\"text-align: center;\">F\u0131rat Durmu\u015f<\/h3>\n<div class=\"wpb_text_column wpb_content_element \">\n<div class=\"wpb_wrapper\">\n<p style=\"text-align: center;\">Genel Denetim Kurulu Yazman\u0131<\/p>\n<\/div>\n<\/div>\n<p>[\/vc_column_text][\/vc_column][vc_column width=&#8221;1\/3&#8243;][vc_column_text]<\/p>\n<h3 class=\"vc_custom_heading\" style=\"text-align: center;\">G\u00f6ksel Ge\u00e7it<\/h3>\n<div class=\"wpb_text_column wpb_content_element \">\n<div class=\"wpb_wrapper\">\n<p style=\"text-align: center;\">Genel Denetim Kurulu \u00dcyesi<\/p>\n<\/div>\n<\/div>\n<p>[\/vc_column_text][\/vc_column][\/vc_row]<\/p>\n","protected":false},"excerpt":{"rendered":"<p>[vc_row][vc_column width=&#8221;1\/3&#8243;][vc_column_text] Muhammed \u00d6zdoruk Genel Denetim Kurulu Ba\u015fkan\u0131 [\/vc_column_text][\/vc_column][vc_column width=&#8221;1\/3&#8243;][vc_column_text] F\u0131rat Durmu\u015f Genel Denetim Kurulu Yazman\u0131 [\/vc_column_text][\/vc_column][vc_column width=&#8221;1\/3&#8243;][vc_column_text] G\u00f6ksel Ge\u00e7it Genel Denetim Kurulu \u00dcyesi [\/vc_column_text][\/vc_column][\/vc_row]<\/p>\n","protected":false},"author":3,"featured_media":0,"parent":0,"menu_order":0,"comment_status":"closed","ping_status":"closed","template":"","meta":{"footnotes":""},"class_list":["post-794","page","type-page","status-publish","hentry"],"_links":{"self":[{"href":"https:\/\/disktekstil.org\/en\/wp-json\/wp\/v2\/pages\/794","targetHints":{"allow":["GET"]}}],"collection":[{"href":"https:\/\/disktekstil.org\/en\/wp-json\/wp\/v2\/pages"}],"about":[{"href":"https:\/\/disktekstil.org\/en\/wp-json\/wp\/v2\/types\/page"}],"author":[{"embeddable":true,"href":"https:\/\/disktekstil.org\/en\/wp-json\/wp\/v2\/users\/3"}],"replies":[{"embeddable":true,"href":"https:\/\/disktekstil.org\/en\/wp-json\/wp\/v2\/comments?post=794"}],"version-history":[{"count":0,"href":"https:\/\/disktekstil.org\/en\/wp-json\/wp\/v2\/pages\/794\/revisions"}],"wp:attachment":[{"href":"https:\/\/disktekstil.org\/en\/wp-json\/wp\/v2\/media?parent=794"}],"curies":[{"name":"wp","href":"https:\/\/api.w.org\/{rel}","templated":true}]}}