{"id":3603,"date":"2022-08-12T19:22:48","date_gmt":"2022-08-12T19:22:48","guid":{"rendered":"https:\/\/disktekstil.org\/?page_id=3603"},"modified":"2022-08-17T07:33:55","modified_gmt":"2022-08-17T07:33:55","slug":"general-board-of-directors","status":"publish","type":"page","link":"https:\/\/disktekstil.org\/en\/general-board-of-directors\/","title":{"rendered":"General Board of Directors"},"content":{"rendered":"<p>[vc_row][vc_column][vc_column_text]<img loading=\"lazy\" decoding=\"async\" class=\"size-full wp-image-462 aligncenter\" src=\"https:\/\/disktekstil.org\/wp-content\/uploads\/2021\/08\/kazim.jpg\" alt=\"\" width=\"109\" height=\"128\" \/>[\/vc_column_text][vc_column_text]<\/p>\n<h1 style=\"text-align: center;\">President<\/h1>\n<h1 style=\"text-align: center;\">Kaz\u0131m DO\u011eAN<\/h1>\n<p>[\/vc_column_text][\/vc_column][\/vc_row][vc_row][vc_column width=&#8221;1\/2&#8243;][vc_column_text]<img loading=\"lazy\" decoding=\"async\" class=\"aligncenter wp-image-3559 size-medium\" src=\"https:\/\/disktekstil.org\/wp-content\/uploads\/2022\/08\/Cihangir-SAHAN-e1660331763317-300x279.jpg\" alt=\"\" width=\"300\" height=\"279\" srcset=\"https:\/\/disktekstil.org\/wp-content\/uploads\/2022\/08\/Cihangir-SAHAN-e1660331763317-300x279.jpg 300w, https:\/\/disktekstil.org\/wp-content\/uploads\/2022\/08\/Cihangir-SAHAN-e1660331763317-1024x951.jpg 1024w, https:\/\/disktekstil.org\/wp-content\/uploads\/2022\/08\/Cihangir-SAHAN-e1660331763317-768x713.jpg 768w, https:\/\/disktekstil.org\/wp-content\/uploads\/2022\/08\/Cihangir-SAHAN-e1660331763317-750x696.jpg 750w, https:\/\/disktekstil.org\/wp-content\/uploads\/2022\/08\/Cihangir-SAHAN-e1660331763317.jpg 1050w\" sizes=\"auto, (max-width: 300px) 100vw, 300px\" \/><\/p>\n<h3 style=\"text-align: center;\">Vice President<\/h3>\n<h3 style=\"text-align: center;\">Cihangir \u015eAHAN<\/h3>\n<p>[\/vc_column_text][\/vc_column][vc_column width=&#8221;1\/2&#8243;][vc_column_text]<img loading=\"lazy\" decoding=\"async\" class=\"wp-image-3593 size-medium aligncenter\" src=\"https:\/\/disktekstil.org\/wp-content\/uploads\/2022\/08\/WhatsApp-Image-2022-08-16-at-13.03.09-256x300.jpeg\" alt=\"\" width=\"256\" height=\"300\" srcset=\"https:\/\/disktekstil.org\/wp-content\/uploads\/2022\/08\/WhatsApp-Image-2022-08-16-at-13.03.09-256x300.jpeg 256w, https:\/\/disktekstil.org\/wp-content\/uploads\/2022\/08\/WhatsApp-Image-2022-08-16-at-13.03.09-874x1024.jpeg 874w, https:\/\/disktekstil.org\/wp-content\/uploads\/2022\/08\/WhatsApp-Image-2022-08-16-at-13.03.09-768x900.jpeg 768w, https:\/\/disktekstil.org\/wp-content\/uploads\/2022\/08\/WhatsApp-Image-2022-08-16-at-13.03.09-750x879.jpeg 750w, https:\/\/disktekstil.org\/wp-content\/uploads\/2022\/08\/WhatsApp-Image-2022-08-16-at-13.03.09.jpeg 1136w\" sizes=\"auto, (max-width: 256px) 100vw, 256px\" \/>[\/vc_column_text][vc_column_text]<\/p>\n<h3 style=\"text-align: center;\">General Secretary<\/h3>\n<h3 style=\"text-align: center;\">Celal ASLAN<\/h3>\n<p>[\/vc_column_text][\/vc_column][\/vc_row][vc_row][vc_column width=&#8221;1\/2&#8243;][vc_column_text]<img loading=\"lazy\" decoding=\"async\" class=\"alignnone size-full wp-image-465 aligncenter\" src=\"https:\/\/disktekstil.org\/wp-content\/uploads\/2021\/08\/savas.jpg\" alt=\"\" width=\"109\" height=\"128\" \/>[\/vc_column_text][vc_column_text]<\/p>\n<h1 style=\"text-align: center;\">Board Member<\/h1>\n<h1 style=\"text-align: center;\">Sava\u015f TEST\u0130C\u0130<\/h1>\n<p>[\/vc_column_text][\/vc_column][vc_column width=&#8221;1\/2&#8243;][vc_column_text]<img loading=\"lazy\" decoding=\"async\" class=\"wp-image-3573 size-thumbnail aligncenter\" src=\"https:\/\/disktekstil.org\/wp-content\/uploads\/2022\/08\/Ekran-Resmi-2022-08-12-22.29.27-150x150.png\" alt=\"\" width=\"150\" height=\"150\" srcset=\"https:\/\/disktekstil.org\/wp-content\/uploads\/2022\/08\/Ekran-Resmi-2022-08-12-22.29.27-150x150.png 150w, https:\/\/disktekstil.org\/wp-content\/uploads\/2022\/08\/Ekran-Resmi-2022-08-12-22.29.27-75x75.png 75w\" sizes=\"auto, (max-width: 150px) 100vw, 150px\" \/>[\/vc_column_text][vc_column_text]<\/p>\n<h1 style=\"text-align: center;\">Board Member<\/h1>\n<h1 style=\"text-align: center;\">Birol TAN<\/h1>\n<p>[\/vc_column_text][\/vc_column][\/vc_row]<\/p>\n","protected":false},"excerpt":{"rendered":"<p>[vc_row][vc_column][vc_column_text][\/vc_column_text][vc_column_text] President Kaz\u0131m DO\u011eAN [\/vc_column_text][\/vc_column][\/vc_row][vc_row][vc_column width=&#8221;1\/2&#8243;][vc_column_text] Vice President Cihangir \u015eAHAN [\/vc_column_text][\/vc_column][vc_column width=&#8221;1\/2&#8243;][vc_column_text][\/vc_column_text][vc_column_text] General Secretary Celal ASLAN [\/vc_column_text][\/vc_column][\/vc_row][vc_row][vc_column width=&#8221;1\/2&#8243;][vc_column_text][\/vc_column_text][vc_column_text] Board Member Sava\u015f TEST\u0130C\u0130 [\/vc_column_text][\/vc_column][vc_column width=&#8221;1\/2&#8243;][vc_column_text][\/vc_column_text][vc_column_text] Board Member Birol TAN [\/vc_column_text][\/vc_column][\/vc_row]<\/p>\n","protected":false},"author":3,"featured_media":0,"parent":0,"menu_order":0,"comment_status":"closed","ping_status":"closed","template":"","meta":{"footnotes":""},"class_list":["post-3603","page","type-page","status-publish","hentry"],"_links":{"self":[{"href":"https:\/\/disktekstil.org\/en\/wp-json\/wp\/v2\/pages\/3603","targetHints":{"allow":["GET"]}}],"collection":[{"href":"https:\/\/disktekstil.org\/en\/wp-json\/wp\/v2\/pages"}],"about":[{"href":"https:\/\/disktekstil.org\/en\/wp-json\/wp\/v2\/types\/page"}],"author":[{"embeddable":true,"href":"https:\/\/disktekstil.org\/en\/wp-json\/wp\/v2\/users\/3"}],"replies":[{"embeddable":true,"href":"https:\/\/disktekstil.org\/en\/wp-json\/wp\/v2\/comments?post=3603"}],"version-history":[{"count":2,"href":"https:\/\/disktekstil.org\/en\/wp-json\/wp\/v2\/pages\/3603\/revisions"}],"predecessor-version":[{"id":3605,"href":"https:\/\/disktekstil.org\/en\/wp-json\/wp\/v2\/pages\/3603\/revisions\/3605"}],"wp:attachment":[{"href":"https:\/\/disktekstil.org\/en\/wp-json\/wp\/v2\/media?parent=3603"}],"curies":[{"name":"wp","href":"https:\/\/api.w.org\/{rel}","templated":true}]}}