{"id":349,"date":"2021-07-22T20:36:12","date_gmt":"2021-07-22T17:36:12","guid":{"rendered":"https:\/\/demo.disktekstil.org\/?page_id=349"},"modified":"2022-02-04T12:15:06","modified_gmt":"2022-02-04T12:15:06","slug":"contact-us","status":"publish","type":"page","link":"https:\/\/disktekstil.org\/en\/contact-us\/","title":{"rendered":"Contact us"},"content":{"rendered":"<p>[vc_row][vc_column width=&#8221;2\/3&#8243;][vc_column_text]<\/p>\n<p style=\"text-align: left;\"><iframe loading=\"lazy\" style=\"border: 0;\" src=\"https:\/\/www.google.com\/maps\/embed?pb=!1m14!1m8!1m3!1d6022.986590751219!2d28.848044!3d40.992575!3m2!1i1024!2i768!4f13.1!3m3!1m2!1s0x14caa357f89c3bf9%3A0xe01214dc79665958!2s%C5%9Eirinevler%2C%20Mehmet%20Akif%20Cd.%20No%3A2%2C%2034188%20Bah%C3%A7elievler%2F%C4%B0stanbul!5e0!3m2!1str!2str!4v1627927494914!5m2!1str!2str\" width=\"600\" height=\"450\" allowfullscreen=\"allowfullscreen\"><\/iframe><\/p>\n<p>[\/vc_column_text][\/vc_column][vc_column width=&#8221;1\/3&#8243;][vc_column_text]<\/p>\n<h3 class=\"vc_custom_heading\">Headquarters<\/h3>\n<div class=\"wpb_text_column wpb_content_element \">\n<div class=\"wpb_wrapper\">\n<div>\n<p>\u015eirinevler, Mehmet Akif Ersoy St. No: 2 Floor: 6 Bah\u00e7elievler-\u0130stanbul \/ Turkey<\/p>\n<\/div>\n<div>\n<p><strong>Tel: <\/strong>(0212) 637 29 00 pbx<\/p>\n<p><strong>Gsm:\u00a0<\/strong>(0530) 763 81 02<\/p>\n<\/div>\n<div>\n<p><strong>Fax:<\/strong>\u00a0(0212) 637 29 09<\/p>\n<p><strong>Email:<\/strong>\u00a0<a href=\"mailto:esgudum@disktekstil.org\">esgudum@disktekstil.org<\/a><\/p>\n<\/div>\n<\/div>\n<\/div>\n<p>[\/vc_column_text][\/vc_column][\/vc_row][vc_row][vc_column][vc_separator border_width=&#8221;3&#8243;][\/vc_column][\/vc_row][vc_row][vc_column width=&#8221;1\/2&#8243;][vc_column_text]<\/p>\n<h3 class=\"vc_custom_heading\">Bursa Branch<\/h3>\n<div class=\"wpb_text_column wpb_content_element \">\n<div class=\"wpb_wrapper\">\n<p>Y. Karaman District. Sanayi St. No:154\/12<\/p>\n<p>Osmangazi \/ Bursa<\/p>\n<p><strong>Tel :<\/strong>\u00a0(0224) 253 07 61<\/p>\n<p><strong>Fax :<\/strong>\u00a0(0224) 253 07 62<\/p>\n<\/div>\n<\/div>\n<p>[\/vc_column_text][\/vc_column][vc_column width=&#8221;1\/2&#8243;][vc_column_text]<\/p>\n<p style=\"text-align: center;\"><iframe loading=\"lazy\" style=\"border: 0;\" src=\"https:\/\/www.google.com\/maps\/embed?pb=!1m14!1m8!1m3!1d6092.416926248058!2d28.990687000000005!3d40.226667!3m2!1i1024!2i768!4f13.1!3m3!1m2!1s0x14ca1448334fde99%3A0x7187790ca7ffaa53!2sYenikaraman%2C%20Sanayi%20Cd.%20No%3A154%2C%2016170%20Osmangazi%2FBursa!5e0!3m2!1str!2str!4v1627927703167!5m2!1str!2str\" width=\"600\" height=\"450\" allowfullscreen=\"allowfullscreen\"><\/iframe><\/p>\n<p>[\/vc_column_text][\/vc_column][\/vc_row][vc_row][vc_column][vc_separator border_width=&#8221;3&#8243;][\/vc_column][\/vc_row][vc_row][vc_column width=&#8221;2\/3&#8243;][vc_column_text]<\/p>\n<p style=\"text-align: left;\"><iframe loading=\"lazy\" style=\"border: 0;\" src=\"https:\/\/www.google.com\/maps\/embed?pb=!1m14!1m8!1m3!1d6021.814338032226!2d28.889421!3d41.005405!3m2!1i1024!2i768!4f13.1!3m3!1m2!1s0x14cabb1151cf0d69%3A0x98bdc5a78bb1bd09!2sAbdurrahman%20Nafiz%20G%C3%BCrman%2C%20%C5%9Eair%20Ahmet%20Kutsi%20Tecer%20Cd.%20No%3A16%2C%2034173%20G%C3%BCng%C3%B6ren%2F%C4%B0stanbul!5e0!3m2!1str!2str!4v1627927865114!5m2!1str!2str\" width=\"600\" height=\"450\" allowfullscreen=\"allowfullscreen\"><\/iframe><\/p>\n<p>[\/vc_column_text][\/vc_column][vc_column width=&#8221;1\/3&#8243;][vc_column_text]<\/p>\n<h3 class=\"vc_custom_heading\" style=\"text-align: left;\">Merter Branch<\/h3>\n<div class=\"wpb_text_column wpb_content_element \">\n<div class=\"wpb_wrapper\">\n<p style=\"text-align: left;\">Ahmet Kutsi Tecer St. No:16\/10<\/p>\n<p style=\"text-align: left;\">34173 G\u00f6ng\u00f6ren \/ \u0130STANBUL<\/p>\n<p style=\"text-align: left;\"><strong>Tel-Fax:<\/strong>\u00a0(0212) 502 00 03<\/p>\n<\/div>\n<\/div>\n<p>[\/vc_column_text][\/vc_column][\/vc_row][vc_row][vc_column][vc_separator border_width=&#8221;3&#8243;][\/vc_column][\/vc_row][vc_row][vc_column width=&#8221;1\/2&#8243;][vc_column_text]<\/p>\n<h3 class=\"vc_custom_heading\">Akdeniz Regional Representetive<\/h3>\n<div class=\"wpb_text_column wpb_content_element \">\n<div class=\"wpb_wrapper\">\n<p>Kayal\u0131ba\u011f District. \u00d6zel Sancak OfficeBlock.<\/p>\n<p>Floor: 2, no 86-87 Seyhan \/ ADANA<\/p>\n<p><strong>Tel :<\/strong>\u00a0(322) 363 07 62<\/p>\n<p><strong>Fax :<\/strong>\u00a0(322) 363 07 62<\/p>\n<\/div>\n<\/div>\n<p>[\/vc_column_text][\/vc_column][vc_column width=&#8221;1\/2&#8243;][vc_column_text]<\/p>\n<p style=\"text-align: right;\"><iframe loading=\"lazy\" style=\"border: 0;\" src=\"https:\/\/www.google.com\/maps\/embed?pb=!1m14!1m8!1m3!1d6373.535214757289!2d35.326172!3d36.99148!3m2!1i1024!2i768!4f13.1!3m3!1m2!1s0x0%3A0x5092564130a770fa!2zw5Z6ZWwgU2FuY2FrIMSwxZ8gSGFuxLE!5e0!3m2!1str!2str!4v1627928260077!5m2!1str!2str\" width=\"600\" height=\"450\" allowfullscreen=\"allowfullscreen\"><\/iframe><\/p>\n<p>[\/vc_column_text][\/vc_column][\/vc_row][vc_row][vc_column][vc_separator border_width=&#8221;3&#8243;][\/vc_column][\/vc_row][vc_row][vc_column width=&#8221;2\/3&#8243;][vc_column_text]<iframe loading=\"lazy\" style=\"border: 0;\" src=\"https:\/\/www.google.com\/maps\/embed?pb=!1m14!1m8!1m3!1d5995.975138972831!2d28.000003!3d41.287375!3m2!1i1024!2i768!4f13.1!3m3!1m2!1s0x14b526199c6859e7%3A0x45ae3826336ecc3e!2zR2F6aSBNdXN0YWZhIEtlbWFscGHFn2EsIMOWemNhbiBTay4gTm86OSBEOjUsIDU5NTAwIMOHZXJrZXprw7Z5L1Rla2lyZGHEnw!5e0!3m2!1str!2str!4v1627928719354!5m2!1str!2str\" width=\"600\" height=\"450\" allowfullscreen=\"allowfullscreen\"><\/iframe>[\/vc_column_text][\/vc_column][vc_column width=&#8221;1\/3&#8243;][vc_column_text]<\/p>\n<h3 class=\"vc_custom_heading\">\u00c7erkezk\u00f6y Regional Representetive<\/h3>\n<div class=\"wpb_text_column wpb_content_element \">\n<div class=\"wpb_wrapper\">\n<p>Gazi Mustafa Kemalpa\u015fa District.<\/p>\n<p>\u00d6zcan St. No: 9 Apt No: 5<\/p>\n<p>\u00c7erkezk\u00f6y \/ TEK\u0130RDA\u011e<\/p>\n<p><strong>Tel :<\/strong>\u00a0(0282) 725 25 50<\/p>\n<p><strong>Fax:<\/strong>\u00a0(0282) 725 25 50<\/p>\n<\/div>\n<\/div>\n<p>[\/vc_column_text][\/vc_column][\/vc_row][vc_row][vc_column][vc_separator border_width=&#8221;3&#8243;][\/vc_column][\/vc_row][vc_row][vc_column width=&#8221;1\/2&#8243;][vc_column_text]<\/p>\n<h3 class=\"vc_custom_heading\">Gaziantep Regional Representetive<\/h3>\n<div class=\"wpb_text_column wpb_content_element \">\n<div class=\"wpb_wrapper\">\n<p>\u00c7ukur District. \u0130smail Say St.<\/p>\n<p>\u00d6mer Yetkin OfficeBlock No: 16 Floor: 3<\/p>\n<p>GAZ\u0130ANTEP<\/p>\n<p><strong>Tel : (<\/strong>0342) 231 90 69<\/p>\n<p><strong>Fax :<\/strong>\u00a0(0342) 231 90 69<\/p>\n<\/div>\n<\/div>\n<p>[\/vc_column_text][\/vc_column][vc_column width=&#8221;1\/2&#8243;][vc_column_text]<\/p>\n<p style=\"text-align: right;\"><iframe loading=\"lazy\" style=\"border: 0;\" src=\"https:\/\/www.google.com\/maps\/embed?pb=!1m14!1m8!1m3!1d6367.54308818869!2d37.381077!3d37.062927!3m2!1i1024!2i768!4f13.1!3m3!1m2!1s0x0%3A0x7c1ea0928e9c9eb4!2zw5ZNRVIgWUVUS8SwTiDEsMWeIE1FUktFWsSw!5e0!3m2!1str!2str!4v1627928877238!5m2!1str!2str\" width=\"600\" height=\"450\" allowfullscreen=\"allowfullscreen\"><\/iframe><\/p>\n<p>[\/vc_column_text][\/vc_column][\/vc_row][vc_row][vc_column][vc_separator border_width=&#8221;3&#8243;][\/vc_column][\/vc_row][vc_row][vc_column width=&#8221;2\/3&#8243;][vc_column_text]<iframe loading=\"lazy\" style=\"border: 0;\" src=\"https:\/\/www.google.com\/maps\/embed?pb=!1m14!1m8!1m3!1d6309.28128602571!2d27.403133!3d37.751574000000005!3m2!1i1024!2i768!4f13.1!3m3!1m2!1s0x0%3A0x40f0fd403b9b717d!2zQWxwIMSwxZ8gTWVyLg!5e0!3m2!1str!2str!4v1627929046498!5m2!1str!2str\" width=\"600\" height=\"450\" allowfullscreen=\"allowfullscreen\"><\/iframe>[\/vc_column_text][\/vc_column][vc_column width=&#8221;1\/3&#8243;][vc_column_text]<\/p>\n<h3 class=\"vc_custom_heading\">S\u00f6ke Regional Representetive<\/h3>\n<div class=\"wpb_text_column wpb_content_element \">\n<div class=\"wpb_wrapper\">\n<p>Kemalpa\u015fa District. Dere St.<\/p>\n<p>Alp OfficeBlock No: 209<\/p>\n<p>S\u00f6ke \/ AYDIN<\/p>\n<p><strong>Tel :<\/strong>\u00a0(0256) 512 31 35<\/p>\n<p><strong>Faks :<\/strong>\u00a0(0256) 512 31 35<\/p>\n<\/div>\n<\/div>\n<p>[\/vc_column_text][\/vc_column][\/vc_row][vc_row][vc_column][vc_separator border_width=&#8221;3&#8243;][\/vc_column][\/vc_row][vc_row][vc_column width=&#8221;1\/2&#8243;][vc_column_text]<\/p>\n<h3 class=\"vc_custom_heading\">L\u00fcleburgaz Representetive<\/h3>\n<div class=\"wpb_text_column wpb_content_element \">\n<div class=\"wpb_wrapper\">\n<p>\u0130stanbul Cad. \u00d6zlem \u0130\u015fhan\u0131 No: 32 K: 2<\/p>\n<p>L\u00fcleburgaz \/ KIRKLAREL\u0130<\/p>\n<p><strong>Tel :<\/strong>\u00a0(0288) 413 02 01<\/p>\n<p><strong>Faks:<\/strong>\u00a0(0288) 413 02 01<\/p>\n<\/div>\n<\/div>\n<p>[\/vc_column_text][\/vc_column][vc_column width=&#8221;1\/2&#8243;][vc_column_text]<iframe loading=\"lazy\" style=\"border: 0;\" src=\"https:\/\/www.google.com\/maps\/embed?pb=!1m18!1m12!1m3!1d2992.471328531658!2d27.350796914797673!3d41.40728620272543!2m3!1f0!2f0!3f0!3m2!1i1024!2i768!4f13.1!3m3!1m2!1s0x14b4a4c9d504af8d%3A0x22c64230c91b41b4!2zw5Z6ZXJsZXIsIEZhdGloIENkLiBObzoyIEQ6MzIsIDM5NzUwIEzDvGxlYnVyZ2F6L0vEsXJrbGFyZWxp!5e0!3m2!1str!2str!4v1627929232585!5m2!1str!2str\" width=\"600\" height=\"450\" allowfullscreen=\"allowfullscreen\"><\/iframe>[\/vc_column_text][\/vc_column][\/vc_row][vc_row][vc_column][vc_separator border_width=&#8221;3&#8243;][\/vc_column][\/vc_row][vc_row][vc_column width=&#8221;1\/2&#8243;][vc_gmaps link=&#8221;#E-8_JTNDaWZyYW1lJTIwc3JjJTNEJTIyaHR0cHMlM0ElMkYlMkZ3d3cuZ29vZ2xlLmNvbSUyRm1hcHMlMkZlbWJlZCUzRnBiJTNEJTIxMW0xOCUyMTFtMTIlMjExbTMlMjExZDE4Ny43Mzc2NzIzNTkzODk1NiUyMTJkMjcuODAwMjQ2MzA3MzQwMjM4JTIxM2Q0MS4xNjA2NTUxMDAwMDAwMSUyMTJtMyUyMTFmMCUyMTJmMCUyMTNmMCUyMTNtMiUyMTFpMTAyNCUyMTJpNzY4JTIxNGYxMy4xJTIxM20zJTIxMW0yJTIxMXMweDE0YjRlNmUyMGNiZjgxODElMjUzQTB4ZjEyNzNiMDA4NGY4ZTIzZCUyMTJ6UjhPOGJtZkR0bklnVUdGellXckVzUSUyMTVlMCUyMTNtMiUyMTFzdHIlMjEyc3RyJTIxNHYxNjQzOTcyODE1MjY1JTIxNW0yJTIxMXN0ciUyMTJzdHIlMjIlMjB3aWR0aCUzRCUyMjYwMCUyMiUyMGhlaWdodCUzRCUyMjQ1MCUyMiUyMHN0eWxlJTNEJTIyYm9yZGVyJTNBMCUzQiUyMiUyMGFsbG93ZnVsbHNjcmVlbiUzRCUyMiUyMiUyMGxvYWRpbmclM0QlMjJsYXp5JTIyJTNFJTNDJTJGaWZyYW1lJTNF&#8221;][\/vc_column][vc_column width=&#8221;1\/2&#8243;][vc_column_text]<\/p>\n<h3>\u00c7orlu Representetive<\/h3>\n<p>\u015eeyhsinan Mah. Hac\u0131salih Sok. G\u00f6rg\u00fcn Apt.<\/p>\n<p>No: 2\/4 \u00c7orlu\/ Tekirda\u011f<\/p>\n<p>Tel: 0530 173 34 04[\/vc_column_text][\/vc_column][\/vc_row][vc_row][vc_column][vc_separator border_width=&#8221;3&#8243;][\/vc_column][\/vc_row][vc_row][vc_column width=&#8221;1\/2&#8243;][vc_column_text]<\/p>\n<h3>Batman Representetive<\/h3>\n<p>Bah\u00e7elievler Mahallesi 1602 sokak<\/p>\n<p>No:1 Bulvar Apartman\u0131 k:17 Merkez\/BATMAN<\/p>\n<p>Tel: 0 488 215 00 02[\/vc_column_text][\/vc_column][vc_column width=&#8221;1\/2&#8243;][vc_gmaps link=&#8221;#E-8_JTNDaWZyYW1lJTIwc3JjJTNEJTIyaHR0cHMlM0ElMkYlMkZ3d3cuZ29vZ2xlLmNvbSUyRm1hcHMlMkZlbWJlZCUzRnBiJTNEJTIxMW0xOCUyMTFtMTIlMjExbTMlMjExZDMxNDguNzIyMjkwMTE4MjUxJTIxMmQ0MS4xMjc1NDI0MTUyNjA5OSUyMTNkMzcuODkwMTc2Nzc5NzM4NTQ2JTIxMm0zJTIxMWYwJTIxMmYwJTIxM2YwJTIxM20yJTIxMWkxMDI0JTIxMmk3NjglMjE0ZjEzLjElMjEzbTMlMjExbTIlMjExczB4NDAwYjQ3MTg2MGQ3YTg3NSUyNTNBMHhmNTcyMDE0MWNlMWM1NTAzJTIxMnpRblZzZG1GeUlNU3d4WjhnVFdWeUxnJTIxNWUwJTIxM20yJTIxMXN0ciUyMTJzdHIlMjE0djE2NDM5NzM1MTgyNjElMjE1bTIlMjExc3RyJTIxMnN0ciUyMiUyMHdpZHRoJTNEJTIyNjAwJTIyJTIwaGVpZ2h0JTNEJTIyNDUwJTIyJTIwc3R5bGUlM0QlMjJib3JkZXIlM0EwJTNCJTIyJTIwYWxsb3dmdWxsc2NyZWVuJTNEJTIyJTIyJTIwbG9hZGluZyUzRCUyMmxhenklMjIlM0UlM0MlMkZpZnJhbWUlM0U=&#8221;][\/vc_column][\/vc_row]<\/p>\n","protected":false},"excerpt":{"rendered":"<p>[vc_row][vc_column width=&#8221;2\/3&#8243;][vc_column_text] [\/vc_column_text][\/vc_column][vc_column width=&#8221;1\/3&#8243;][vc_column_text] Headquarters \u015eirinevler, Mehmet Akif Ersoy St. No: 2 Floor: 6 Bah\u00e7elievler-\u0130stanbul \/ Turkey Tel: (0212) 637 29 00 pbx Gsm:\u00a0(0530) 763 81 02 Fax:\u00a0(0212) 637 29 09 Email:\u00a0esgudum@disktekstil.org [\/vc_column_text][\/vc_column][\/vc_row][vc_row][vc_column][vc_separator border_width=&#8221;3&#8243;][\/vc_column][\/vc_row][vc_row][vc_column width=&#8221;1\/2&#8243;][vc_column_text] Bursa Branch Y. Karaman District. Sanayi St. No:154\/12 Osmangazi \/ Bursa Tel :\u00a0(0224) 253 07 61 Fax :\u00a0(0224) 253 07 [&hellip;]<\/p>\n","protected":false},"author":2,"featured_media":0,"parent":0,"menu_order":0,"comment_status":"closed","ping_status":"closed","template":"","meta":{"footnotes":""},"class_list":["post-349","page","type-page","status-publish","hentry"],"_links":{"self":[{"href":"https:\/\/disktekstil.org\/en\/wp-json\/wp\/v2\/pages\/349","targetHints":{"allow":["GET"]}}],"collection":[{"href":"https:\/\/disktekstil.org\/en\/wp-json\/wp\/v2\/pages"}],"about":[{"href":"https:\/\/disktekstil.org\/en\/wp-json\/wp\/v2\/types\/page"}],"author":[{"embeddable":true,"href":"https:\/\/disktekstil.org\/en\/wp-json\/wp\/v2\/users\/2"}],"replies":[{"embeddable":true,"href":"https:\/\/disktekstil.org\/en\/wp-json\/wp\/v2\/comments?post=349"}],"version-history":[{"count":0,"href":"https:\/\/disktekstil.org\/en\/wp-json\/wp\/v2\/pages\/349\/revisions"}],"wp:attachment":[{"href":"https:\/\/disktekstil.org\/en\/wp-json\/wp\/v2\/media?parent=349"}],"curies":[{"name":"wp","href":"https:\/\/api.w.org\/{rel}","templated":true}]}}