{"id":562,"date":"2021-08-01T19:44:12","date_gmt":"2021-08-01T19:44:12","guid":{"rendered":"https:\/\/demo.disktekstil.org\/?page_id=562"},"modified":"2024-05-01T09:15:21","modified_gmt":"2024-05-01T09:15:21","slug":"genel-yonetim-kurulu","status":"publish","type":"page","link":"https:\/\/disktekstil.org\/ar\/genel-yonetim-kurulu\/","title":{"rendered":"\u0645\u062c\u0644\u0633 \u0627\u0644\u0625\u062f\u0627\u0631\u0629 \u0627\u0644\u0639\u0627\u0645"},"content":{"rendered":"<p>[vc_row][vc_column][\/vc_column][\/vc_row][vc_row][vc_column][vc_column_text]<img loading=\"lazy\" decoding=\"async\" class=\"size-full wp-image-462 aligncenter\" src=\"https:\/\/disktekstil.org\/wp-content\/uploads\/2021\/08\/kazim.jpg\" alt=\"\" width=\"109\" height=\"128\" \/>[\/vc_column_text][vc_column_text]<\/p>\n<h1 style=\"text-align: center;\">\u0627\u0644\u0631\u0626\u064a\u0633 \u0627\u0644\u0639\u0627\u0645<\/h1>\n<h1 style=\"text-align: center;\">Kaz\u0131m DO\u011eAN<\/h1>\n<p>[\/vc_column_text][\/vc_column][\/vc_row][vc_row][vc_column width=&#8221;1\/2&#8243;][vc_column_text]<img loading=\"lazy\" decoding=\"async\" class=\"aligncenter wp-image-3559 size-thumbnail\" src=\"https:\/\/disktekstil.org\/wp-content\/uploads\/2022\/08\/Cihangir-SAHAN-e1660331763317-150x150.jpg\" alt=\"\" width=\"150\" height=\"150\" srcset=\"https:\/\/disktekstil.org\/wp-content\/uploads\/2022\/08\/Cihangir-SAHAN-e1660331763317-150x150.jpg 150w, https:\/\/disktekstil.org\/wp-content\/uploads\/2022\/08\/Cihangir-SAHAN-e1660331763317-75x75.jpg 75w\" sizes=\"auto, (max-width: 150px) 100vw, 150px\" \/><\/p>\n<h3 style=\"text-align: center;\">\u0646\u0627\u0626\u0628 \u0631\u0626\u064a\u0633 \u0645\u062c\u0644\u0633 \u0627\u0644\u0625\u062f\u0627\u0631\u0629<\/h3>\n<h3 style=\"text-align: center;\">Cihangir \u015eAHAN<\/h3>\n<p>[\/vc_column_text][\/vc_column][vc_column width=&#8221;1\/2&#8243;][vc_column_text]<img loading=\"lazy\" decoding=\"async\" class=\"aligncenter wp-image-3593 size-thumbnail\" src=\"https:\/\/disktekstil.org\/wp-content\/uploads\/2022\/08\/WhatsApp-Image-2022-08-16-at-13.03.09-150x150.jpeg\" alt=\"\" width=\"150\" height=\"150\" srcset=\"https:\/\/disktekstil.org\/wp-content\/uploads\/2022\/08\/WhatsApp-Image-2022-08-16-at-13.03.09-150x150.jpeg 150w, https:\/\/disktekstil.org\/wp-content\/uploads\/2022\/08\/WhatsApp-Image-2022-08-16-at-13.03.09-75x75.jpeg 75w\" sizes=\"auto, (max-width: 150px) 100vw, 150px\" \/>[\/vc_column_text][vc_column_text]<\/p>\n<h3 style=\"text-align: center;\">\u0627\u0644\u0623\u0645\u064a\u0646 \u0627\u0644\u0639\u0627\u0645<\/h3>\n<h3 style=\"text-align: center;\">Celal ASLAN<\/h3>\n<p>[\/vc_column_text][\/vc_column][\/vc_row][vc_row][vc_column width=&#8221;1\/2&#8243;][vc_column_text]<img loading=\"lazy\" decoding=\"async\" class=\"alignnone size-full wp-image-465 aligncenter\" src=\"https:\/\/disktekstil.org\/wp-content\/uploads\/2021\/08\/savas.jpg\" alt=\"\" width=\"109\" height=\"128\" \/>[\/vc_column_text][vc_column_text]<\/p>\n<h1 style=\"text-align: center;\">\u0639\u0636\u0648 \u0645\u062c\u0644\u0633 \u0627\u0644\u0625\u062f\u0627\u0631\u0629<\/h1>\n<h1 style=\"text-align: center;\">Sava\u015f TEST\u0130C\u0130<\/h1>\n<p>[\/vc_column_text][\/vc_column][vc_column width=&#8221;1\/2&#8243;][vc_column_text]<img loading=\"lazy\" decoding=\"async\" class=\"wp-image-3573 size-thumbnail aligncenter\" src=\"https:\/\/disktekstil.org\/wp-content\/uploads\/2022\/08\/Ekran-Resmi-2022-08-12-22.29.27-150x150.png\" alt=\"\" width=\"150\" height=\"150\" srcset=\"https:\/\/disktekstil.org\/wp-content\/uploads\/2022\/08\/Ekran-Resmi-2022-08-12-22.29.27-150x150.png 150w, https:\/\/disktekstil.org\/wp-content\/uploads\/2022\/08\/Ekran-Resmi-2022-08-12-22.29.27-75x75.png 75w\" sizes=\"auto, (max-width: 150px) 100vw, 150px\" \/>[\/vc_column_text][vc_column_text]<\/p>\n<h1 style=\"text-align: center;\">\u0639\u0636\u0648 \u0645\u062c\u0644\u0633 \u0627\u0644\u0625\u062f\u0627\u0631\u0629<\/h1>\n<h1 style=\"text-align: center;\">Birol TAN<\/h1>\n<p>[\/vc_column_text][\/vc_column][\/vc_row][vc_row][vc_column][vc_column_text][:en][\/vc_column_text][\/vc_column][\/vc_row][vc_row][vc_column][vc_column_text][:ar][\/vc_column_text][\/vc_column][\/vc_row][vc_row][vc_column][vc_column_text][:][\/vc_column_text][\/vc_column][\/vc_row]<\/p>\n","protected":false},"excerpt":{"rendered":"<p>[vc_row][vc_column][\/vc_column][\/vc_row][vc_row][vc_column][vc_column_text][\/vc_column_text][vc_column_text] \u0627\u0644\u0631\u0626\u064a\u0633 \u0627\u0644\u0639\u0627\u0645 Kaz\u0131m DO\u011eAN [\/vc_column_text][\/vc_column][\/vc_row][vc_row][vc_column width=&#8221;1\/2&#8243;][vc_column_text] \u0646\u0627\u0626\u0628 \u0631\u0626\u064a\u0633 \u0645\u062c\u0644\u0633 \u0627\u0644\u0625\u062f\u0627\u0631\u0629 Cihangir \u015eAHAN [\/vc_column_text][\/vc_column][vc_column width=&#8221;1\/2&#8243;][vc_column_text][\/vc_column_text][vc_column_text] \u0627\u0644\u0623\u0645\u064a\u0646 \u0627\u0644\u0639\u0627\u0645 Celal ASLAN [\/vc_column_text][\/vc_column][\/vc_row][vc_row][vc_column width=&#8221;1\/2&#8243;][vc_column_text][\/vc_column_text][vc_column_text] \u0639\u0636\u0648 \u0645\u062c\u0644\u0633 \u0627\u0644\u0625\u062f\u0627\u0631\u0629 Sava\u015f TEST\u0130C\u0130 [\/vc_column_text][\/vc_column][vc_column width=&#8221;1\/2&#8243;][vc_column_text][\/vc_column_text][vc_column_text] \u0639\u0636\u0648 \u0645\u062c\u0644\u0633 \u0627\u0644\u0625\u062f\u0627\u0631\u0629 Birol TAN [\/vc_column_text][\/vc_column][\/vc_row][vc_row][vc_column][vc_column_text][:en][\/vc_column_text][\/vc_column][\/vc_row][vc_row][vc_column][vc_column_text][:ar][\/vc_column_text][\/vc_column][\/vc_row][vc_row][vc_column][vc_column_text][:][\/vc_column_text][\/vc_column][\/vc_row]<\/p>\n","protected":false},"author":2,"featured_media":0,"parent":0,"menu_order":0,"comment_status":"closed","ping_status":"closed","template":"","meta":{"footnotes":""},"class_list":["post-562","page","type-page","status-publish","hentry"],"_links":{"self":[{"href":"https:\/\/disktekstil.org\/ar\/wp-json\/wp\/v2\/pages\/562","targetHints":{"allow":["GET"]}}],"collection":[{"href":"https:\/\/disktekstil.org\/ar\/wp-json\/wp\/v2\/pages"}],"about":[{"href":"https:\/\/disktekstil.org\/ar\/wp-json\/wp\/v2\/types\/page"}],"author":[{"embeddable":true,"href":"https:\/\/disktekstil.org\/ar\/wp-json\/wp\/v2\/users\/2"}],"replies":[{"embeddable":true,"href":"https:\/\/disktekstil.org\/ar\/wp-json\/wp\/v2\/comments?post=562"}],"version-history":[{"count":2,"href":"https:\/\/disktekstil.org\/ar\/wp-json\/wp\/v2\/pages\/562\/revisions"}],"predecessor-version":[{"id":5326,"href":"https:\/\/disktekstil.org\/ar\/wp-json\/wp\/v2\/pages\/562\/revisions\/5326"}],"wp:attachment":[{"href":"https:\/\/disktekstil.org\/ar\/wp-json\/wp\/v2\/media?parent=562"}],"curies":[{"name":"wp","href":"https:\/\/api.w.org\/{rel}","templated":true}]}}