{"id":2234,"date":"2021-08-01T18:22:03","date_gmt":"2021-08-01T15:22:03","guid":{"rendered":"https:\/\/disktekstil.org\/?page_id=2234"},"modified":"2022-02-04T12:39:21","modified_gmt":"2022-02-04T12:39:21","slug":"2234-2","status":"publish","type":"page","link":"https:\/\/disktekstil.org\/ar\/2234-2\/","title":{"rendered":"\u0623\u0639\u0636\u0627\u0621 \u0645\u062c\u0644\u0633 \u0627\u0644\u0625\u062f\u0627\u0631\u0629 \u0648\u0627\u0644\u0645\u0631\u0627\u062c\u0639\u064a\u0646 \u0628\u0641\u0631\u0639 \u0628\u0648\u0631\u0635\u0629"},"content":{"rendered":"<p>[vc_row][vc_column][vc_column_text]<\/p>\n<h3 class=\"vc_custom_heading\" style=\"text-align: center;\">\u0130ncig\u00fcl \u015eent\u00fcrk<\/h3>\n<div class=\"wpb_text_column wpb_content_element \">\n<div class=\"wpb_wrapper\">\n<p style=\"text-align: center;\">\u0631\u0626\u064a\u0633 \u0641\u0631\u0639<\/p>\n<\/div>\n<\/div>\n<p>[\/vc_column_text][\/vc_column][\/vc_row][vc_row][vc_column width=&#8221;1\/4&#8243;][vc_column_text]<\/p>\n<h3 class=\"vc_custom_heading\" style=\"text-align: center;\">Saffet \u00dcnal<\/h3>\n<div class=\"wpb_text_column wpb_content_element \">\n<div class=\"wpb_wrapper\">\n<p style=\"text-align: center;\">\u0633\u0643\u0631\u062a\u064a\u0631 \u0627\u0644\u0641\u0631\u0639<\/p>\n<\/div>\n<\/div>\n<p>[\/vc_column_text][\/vc_column][vc_column width=&#8221;1\/4&#8243;][vc_column_text]<\/p>\n<h3 class=\"vc_custom_heading\" style=\"text-align: center;\">Fatih G\u00fcrb\u00fcz<\/h3>\n<div class=\"wpb_text_column wpb_content_element \">\n<div class=\"wpb_wrapper\">\n<p style=\"text-align: center;\">\u0646\u0627\u0626\u0628 \u0631\u0626\u064a\u0633 \u0627\u0644\u0641\u0631\u0639<\/p>\n<\/div>\n<\/div>\n<p>[\/vc_column_text][\/vc_column][vc_column width=&#8221;1\/4&#8243;][vc_column_text]<\/p>\n<h3 class=\"vc_custom_heading\" style=\"text-align: center;\">Ferhat AKT\u00dcRK<\/h3>\n<div class=\"wpb_text_column wpb_content_element \">\n<div class=\"wpb_wrapper\">\n<p style=\"text-align: center;\">\u015eube\u00a0Y\u00f6netim Kurulu \u00dcyesi<\/p>\n<\/div>\n<\/div>\n<p>[\/vc_column_text][\/vc_column][vc_column width=&#8221;1\/4&#8243;][vc_column_text]<\/p>\n<h3 class=\"vc_custom_heading\" style=\"text-align: center;\">Erdal Ak\u00e7a<\/h3>\n<div class=\"wpb_text_column wpb_content_element \">\n<div class=\"wpb_wrapper\">\n<p style=\"text-align: center;\">\u0639\u0636\u0648 \u0641\u0631\u0639 \u0645\u062c\u0644\u0633 \u0627\u0644\u0625\u062f\u0627\u0631\u0629<\/p>\n<\/div>\n<\/div>\n<p>[\/vc_column_text][\/vc_column][\/vc_row][vc_row][vc_column][vc_column_text]<\/p>\n<h4 style=\"text-align: center;\">\u0645\u062c\u0644\u0633 \u0627\u0644\u0625\u0634\u0631\u0627\u0641 \u0639\u0644\u0649 \u0627\u0644\u0641\u0631\u0639<\/h4>\n<p>[\/vc_column_text][\/vc_column][\/vc_row][vc_row][vc_column width=&#8221;1\/3&#8243;][vc_column_text]<\/p>\n<h3 class=\"vc_custom_heading\" style=\"text-align: center;\">Ya\u015far G\u00fcnay<\/h3>\n<div class=\"wpb_text_column wpb_content_element \">\n<div class=\"wpb_wrapper\">\n<p style=\"text-align: center;\">\u0631\u0626\u064a\u0633 \u0645\u062c\u0644\u0633 \u0627\u0644\u0631\u0642\u0627\u0628\u0629 \u0639\u0644\u0649 \u0627\u0644\u0641\u0631\u0639<\/p>\n<\/div>\n<\/div>\n<p>[\/vc_column_text][\/vc_column][vc_column width=&#8221;1\/3&#8243;][vc_column_text]<\/p>\n<h3 class=\"vc_custom_heading\" style=\"text-align: center;\">Seda Hala\u00e7<\/h3>\n<div class=\"wpb_text_column wpb_content_element \">\n<div class=\"wpb_wrapper\">\n<p style=\"text-align: center;\">\u0643\u0627\u062a\u0628 \u0645\u062c\u0644\u0633 \u0627\u0644\u0625\u0634\u0631\u0627\u0641 \u0639\u0644\u0649 \u0627\u0644\u0641\u0631\u0639<\/p>\n<\/div>\n<\/div>\n<p>[\/vc_column_text][\/vc_column][vc_column width=&#8221;1\/3&#8243;][vc_column_text]<\/p>\n<h3 class=\"vc_custom_heading\" style=\"text-align: center;\">Dursun Demir<\/h3>\n<div class=\"wpb_text_column wpb_content_element \">\n<div class=\"wpb_wrapper\">\n<p style=\"text-align: center;\">\u0639\u0636\u0648 \u0645\u062c\u0644\u0633 \u0627\u0644\u0631\u0642\u0627\u0628\u0629 \u0639\u0644\u0649 \u0627\u0644\u0641\u0631\u0639<\/p>\n<\/div>\n<\/div>\n<p>[\/vc_column_text][\/vc_column][\/vc_row][vc_row][vc_column][vc_column_text]<\/p>\n<h4 style=\"text-align: center;\">\u0645\u062c\u0644\u0633 \u062a\u0623\u062f\u064a\u0628 \u0627\u0644\u0641\u0631\u0639<\/h4>\n<p>[\/vc_column_text][\/vc_column][\/vc_row][vc_row][vc_column width=&#8221;1\/2&#8243;][vc_column_text]<\/p>\n<h3 class=\"vc_custom_heading\" style=\"text-align: center;\">G\u00f6khan G\u00fcng\u00f6r<\/h3>\n<div class=\"wpb_text_column wpb_content_element \">\n<div class=\"wpb_wrapper\">\n<p style=\"text-align: center;\">\u0631\u0626\u064a\u0633 \u0644\u062c\u0646\u0629 \u0627\u0644\u0627\u0646\u0636\u0628\u0627\u0637 \u0628\u0627\u0644\u0641\u0631\u0639<\/p>\n<\/div>\n<\/div>\n<p>[\/vc_column_text][\/vc_column][vc_column width=&#8221;1\/2&#8243;][vc_column_text]<\/p>\n<h3 class=\"vc_custom_heading\" style=\"text-align: center;\">\u0130lhan Karahasano\u011flu<\/h3>\n<div class=\"wpb_text_column wpb_content_element \">\n<div class=\"wpb_wrapper\">\n<p style=\"text-align: center;\">\u0643\u0627\u062a\u0628 \u0644\u062c\u0646\u0629 \u0627\u0644\u0627\u0646\u0636\u0628\u0627\u0637 \u0628\u0627\u0644\u0641\u0631\u0639<\/p>\n<\/div>\n<\/div>\n<p>[\/vc_column_text][\/vc_column][\/vc_row][vc_row][vc_column width=&#8221;1\/3&#8243;][vc_column_text]<\/p>\n<h3 class=\"vc_custom_heading\" style=\"text-align: center;\">Ayla Bahar<\/h3>\n<div class=\"wpb_text_column wpb_content_element \">\n<div class=\"wpb_wrapper\">\n<p style=\"text-align: center;\">\u0639\u0636\u0648 \u0644\u062c\u0646\u0629 \u0627\u0644\u0627\u0646\u0636\u0628\u0627\u0637 \u0628\u0627\u0644\u0641\u0631\u0639<\/p>\n<\/div>\n<\/div>\n<p>[\/vc_column_text][\/vc_column][vc_column width=&#8221;1\/3&#8243;][vc_column_text]<\/p>\n<h3 class=\"vc_custom_heading\" style=\"text-align: center;\">Perihan Karag\u00fcven<\/h3>\n<div class=\"wpb_text_column wpb_content_element \">\n<div class=\"wpb_wrapper\">\n<p style=\"text-align: center;\">\u0639\u0636\u0648 \u0644\u062c\u0646\u0629 \u0627\u0644\u0627\u0646\u0636\u0628\u0627\u0637 \u0628\u0627\u0644\u0641\u0631\u0639<\/p>\n<\/div>\n<\/div>\n<p>[\/vc_column_text][\/vc_column][vc_column width=&#8221;1\/3&#8243;][vc_column_text]<\/p>\n<h3 class=\"vc_custom_heading\" style=\"text-align: center;\">G\u00fclay G\u00fcng\u00f6r<\/h3>\n<div class=\"wpb_text_column wpb_content_element \">\n<div class=\"wpb_wrapper\">\n<p style=\"text-align: center;\">\u0639\u0636\u0648 \u0644\u062c\u0646\u0629 \u0627\u0644\u0627\u0646\u0636\u0628\u0627\u0637 \u0628\u0627\u0644\u0641\u0631\u0639<\/p>\n<\/div>\n<\/div>\n<p>[\/vc_column_text][\/vc_column][\/vc_row]<\/p>\n","protected":false},"excerpt":{"rendered":"<p>[vc_row][vc_column][vc_column_text] \u0130ncig\u00fcl \u015eent\u00fcrk \u0631\u0626\u064a\u0633 \u0641\u0631\u0639 [\/vc_column_text][\/vc_column][\/vc_row][vc_row][vc_column width=&#8221;1\/4&#8243;][vc_column_text] Saffet \u00dcnal \u0633\u0643\u0631\u062a\u064a\u0631 \u0627\u0644\u0641\u0631\u0639 [\/vc_column_text][\/vc_column][vc_column width=&#8221;1\/4&#8243;][vc_column_text] Fatih G\u00fcrb\u00fcz \u0646\u0627\u0626\u0628 \u0631\u0626\u064a\u0633 \u0627\u0644\u0641\u0631\u0639 [\/vc_column_text][\/vc_column][vc_column width=&#8221;1\/4&#8243;][vc_column_text] Ferhat AKT\u00dcRK \u015eube\u00a0Y\u00f6netim Kurulu \u00dcyesi [\/vc_column_text][\/vc_column][vc_column width=&#8221;1\/4&#8243;][vc_column_text] Erdal Ak\u00e7a \u0639\u0636\u0648 \u0641\u0631\u0639 \u0645\u062c\u0644\u0633 \u0627\u0644\u0625\u062f\u0627\u0631\u0629 [\/vc_column_text][\/vc_column][\/vc_row][vc_row][vc_column][vc_column_text] \u0645\u062c\u0644\u0633 \u0627\u0644\u0625\u0634\u0631\u0627\u0641 \u0639\u0644\u0649 \u0627\u0644\u0641\u0631\u0639 [\/vc_column_text][\/vc_column][\/vc_row][vc_row][vc_column width=&#8221;1\/3&#8243;][vc_column_text] Ya\u015far G\u00fcnay \u0631\u0626\u064a\u0633 \u0645\u062c\u0644\u0633 \u0627\u0644\u0631\u0642\u0627\u0628\u0629 \u0639\u0644\u0649 \u0627\u0644\u0641\u0631\u0639 [\/vc_column_text][\/vc_column][vc_column width=&#8221;1\/3&#8243;][vc_column_text] Seda Hala\u00e7 \u0643\u0627\u062a\u0628 \u0645\u062c\u0644\u0633 \u0627\u0644\u0625\u0634\u0631\u0627\u0641 \u0639\u0644\u0649 [&hellip;]<\/p>\n","protected":false},"author":3,"featured_media":0,"parent":0,"menu_order":0,"comment_status":"closed","ping_status":"closed","template":"","meta":{"footnotes":""},"class_list":["post-2234","page","type-page","status-publish","hentry"],"_links":{"self":[{"href":"https:\/\/disktekstil.org\/ar\/wp-json\/wp\/v2\/pages\/2234","targetHints":{"allow":["GET"]}}],"collection":[{"href":"https:\/\/disktekstil.org\/ar\/wp-json\/wp\/v2\/pages"}],"about":[{"href":"https:\/\/disktekstil.org\/ar\/wp-json\/wp\/v2\/types\/page"}],"author":[{"embeddable":true,"href":"https:\/\/disktekstil.org\/ar\/wp-json\/wp\/v2\/users\/3"}],"replies":[{"embeddable":true,"href":"https:\/\/disktekstil.org\/ar\/wp-json\/wp\/v2\/comments?post=2234"}],"version-history":[{"count":0,"href":"https:\/\/disktekstil.org\/ar\/wp-json\/wp\/v2\/pages\/2234\/revisions"}],"wp:attachment":[{"href":"https:\/\/disktekstil.org\/ar\/wp-json\/wp\/v2\/media?parent=2234"}],"curies":[{"name":"wp","href":"https:\/\/api.w.org\/{rel}","templated":true}]}}